{"id":125,"date":"2016-10-17T14:32:24","date_gmt":"2016-10-17T14:32:24","guid":{"rendered":"http:\/\/www.demo.acmethemes.com\/education-base\/?page_id=55"},"modified":"2024-11-12T06:23:30","modified_gmt":"2024-11-12T05:23:30","slug":"fetedelascience","status":"publish","type":"page","link":"https:\/\/lycee-mandela.fr\/mandelabo\/slider\/fetedelascience\/","title":{"rendered":"FETE DE LA SCIENCE 2024"},"content":{"rendered":"<div><span style=\"font-size: 14px;\"><b>A l&rsquo;occasion de la f\u00eate de la science 2024 dont le th\u00e8me est \u00ab\u00a0Oc\u00e9an de savoirs\u00a0\u00bb, un QCM sera mis \u00e0 disposition sur Pronote. Vous pourrez y r\u00e9pondre entre le 4 et le 8 novembre. Les \u00e9l\u00e8ves ayant le mieux r\u00e9pondu \u00e0 ce QCM (meilleur temps et meilleur score) auront droit \u00e0 une r\u00e9compense \u00e0 r\u00e9cup\u00e9rer aupr\u00e8s de leur professeur de math\u00e9matiques. Pour vous permettre de r\u00e9pondre \u00e0 ce QCM, aidez vous des affiches suivantes, \u00e9galement pr\u00e9sentes au lyc\u00e9e Nelson Mandela.<\/b><\/span><\/div>\n<div><\/div>\n<div><span style=\"color: #ff6600;\"><a style=\"color: #ff6600;\" href=\"https:\/\/lycee-mandela.fr\/mandelabo\/slider\/fetedelascience\/affiche_ocean-de-savoir_fete-de-la-science_david\/\" rel=\"attachment wp-att-526\">Affiche_Oc\u00e9an de savoir_Fete de la science_David<\/a><\/span><\/div>\n<div><span style=\"color: #ff6600;\"><a style=\"color: #ff6600;\" href=\"https:\/\/lycee-mandela.fr\/mandelabo\/slider\/fetedelascience\/affiche_ocean-de-savoir_fete-de-la-science_elodie\/\" rel=\"attachment wp-att-527\">Affiche_Oc\u00e9an de savoir_Fete de la science_Elodie<\/a><\/span><\/div>\n<div><span style=\"color: #ff6600;\"><a style=\"color: #ff6600;\" href=\"https:\/\/lycee-mandela.fr\/mandelabo\/slider\/fetedelascience\/affiche_ocean-de-savoir_fete-de-la-science_mickael_archimede\/\" rel=\"attachment wp-att-528\">Affiche_Oc\u00e9an de savoir_Fete de la science_Micka\u00ebl_Archim\u00e8de<\/a><\/span><\/div>\n<div><span style=\"color: #ff6600;\"><a style=\"color: #ff6600;\" href=\"https:\/\/lycee-mandela.fr\/mandelabo\/slider\/fetedelascience\/affiche_ocean-de-savoir_fete-de-la-science_mickael_darwin\/\" rel=\"attachment wp-att-529\">Affiche_Oc\u00e9an de savoir_Fete de la science_Micka\u00ebl_Darwin<\/a><\/span><\/div>\n<div><span style=\"color: #ff6600;\"><a style=\"color: #ff6600;\" href=\"https:\/\/lycee-mandela.fr\/mandelabo\/slider\/fetedelascience\/affiche_ocean-de-savoir_fete-de-la-science_souad1\/\" rel=\"attachment wp-att-530\">Affiche_Oc\u00e9an de savoir_Fete de la science_Souad1<\/a><\/span><\/div>\n<div><span style=\"color: #ff6600;\"><a style=\"color: #ff6600;\" href=\"https:\/\/lycee-mandela.fr\/mandelabo\/slider\/fetedelascience\/affiche_ocean-de-savoir_fete-de-la-science_souad2\/\" rel=\"attachment wp-att-531\">Affiche_Oc\u00e9an de savoir_Fete de la science_Souad2<\/a><\/span><\/div>\n<div><\/div>\n<div><\/div>\n","protected":false},"excerpt":{"rendered":"<p>Th\u00e8me : Oc\u00e9an de savoirs<\/p>\n","protected":false},"author":3,"featured_media":525,"parent":131,"menu_order":0,"comment_status":"closed","ping_status":"closed","template":"","meta":{"cybocfi_hide_featured_image":"","footnotes":""},"class_list":["post-125","page","type-page","status-publish","has-post-thumbnail","hentry"],"_links":{"self":[{"href":"https:\/\/lycee-mandela.fr\/mandelabo\/wp-json\/wp\/v2\/pages\/125","targetHints":{"allow":["GET"]}}],"collection":[{"href":"https:\/\/lycee-mandela.fr\/mandelabo\/wp-json\/wp\/v2\/pages"}],"about":[{"href":"https:\/\/lycee-mandela.fr\/mandelabo\/wp-json\/wp\/v2\/types\/page"}],"author":[{"embeddable":true,"href":"https:\/\/lycee-mandela.fr\/mandelabo\/wp-json\/wp\/v2\/users\/3"}],"replies":[{"embeddable":true,"href":"https:\/\/lycee-mandela.fr\/mandelabo\/wp-json\/wp\/v2\/comments?post=125"}],"version-history":[{"count":8,"href":"https:\/\/lycee-mandela.fr\/mandelabo\/wp-json\/wp\/v2\/pages\/125\/revisions"}],"predecessor-version":[{"id":535,"href":"https:\/\/lycee-mandela.fr\/mandelabo\/wp-json\/wp\/v2\/pages\/125\/revisions\/535"}],"up":[{"embeddable":true,"href":"https:\/\/lycee-mandela.fr\/mandelabo\/wp-json\/wp\/v2\/pages\/131"}],"wp:featuredmedia":[{"embeddable":true,"href":"https:\/\/lycee-mandela.fr\/mandelabo\/wp-json\/wp\/v2\/media\/525"}],"wp:attachment":[{"href":"https:\/\/lycee-mandela.fr\/mandelabo\/wp-json\/wp\/v2\/media?parent=125"}],"curies":[{"name":"wp","href":"https:\/\/api.w.org\/{rel}","templated":true}]}}