{"id":127,"date":"2016-10-17T13:59:36","date_gmt":"2016-10-17T13:59:36","guid":{"rendered":"http:\/\/www.demo.acmethemes.com\/education-base\/?page_id=52"},"modified":"2024-11-12T06:55:11","modified_gmt":"2024-11-12T05:55:11","slug":"concours-kaskoko","status":"publish","type":"page","link":"https:\/\/lycee-mandela.fr\/mandelabo\/slider\/concours-kaskoko\/","title":{"rendered":"CONCOURS ACADEMIQUE DE CALCUL MENTAL &#8211; KASKOKO"},"content":{"rendered":"<h2>Edition 2024<\/h2>\n<p style=\"text-align: center;\"><span style=\"color: #ff0000;\"><strong><span style=\"font-size: 16px;\">Finale du concours acad\u00e9mique<\/span><a href=\"https:\/\/lycee-mandela.fr\/mandelabo\/slider\/concours-kaskoko\/finaleacakaskoko2024-35304\/\" rel=\"attachment wp-att-538\"><img loading=\"lazy\" decoding=\"async\" class=\"size-medium wp-image-538 aligncenter\" src=\"https:\/\/lycee-mandela.fr\/mandelabo\/wp-content\/uploads\/2024\/11\/finaleacakaskoko2024-35304-300x169.png\" alt=\"\" width=\"300\" height=\"169\" srcset=\"https:\/\/lycee-mandela.fr\/mandelabo\/wp-content\/uploads\/2024\/11\/finaleacakaskoko2024-35304-300x169.png 300w, https:\/\/lycee-mandela.fr\/mandelabo\/wp-content\/uploads\/2024\/11\/finaleacakaskoko2024-35304.png 620w\" sizes=\"auto, (max-width: 300px) 100vw, 300px\" \/><\/a><\/strong><\/span><\/p>\n<p><span style=\"color: #000000; font-size: 14px;\">La finale du concours acad\u00e9mique de calcul mental dans la voie professionnelle &#8211; <strong>KASKOKO Edition 2024 &#8211; s&rsquo;est tenue vendredi 26 avril au LP Patu de Rosemont.<\/strong> La c\u00e9r\u00e9monie de remise des prix, pr\u00e9sid\u00e9e par Monsieur le recteur, a donn\u00e9 lieu \u00e0 une tr\u00e8s belle manifestation relay\u00e9e par R\u00e9union la 1\u00e8re et Antenne R\u00e9union ( <strong><a class=\"text-primary\" style=\"color: #000000;\" title=\"suivre le raccourci\" href=\"https:\/\/aca.re\/dLVKi\" target=\"_blank\" rel=\"noopener\"> aca.re\/dLVKi<\/a><\/strong>). Elle fut\u00a0 l&rsquo;occasion de f\u00e9liciter et de r\u00e9compenser les \u00e9l\u00e8ves finalistes et plus particuli\u00e8rement parmi eux,\u00a0 les laur\u00e9ats sur les diff\u00e9rents niveaux (<strong><a style=\"color: #000000;\" title=\"Laureats - Finale acad\u00e9mique - Kaskoko 2024\" href=\"https:\/\/www.ac-reunion.fr\/sites\/ac_reunion\/files\/2024-05\/laureats-finaleacakaskoko2024-35307.pdf\" target=\"_blank\" rel=\"noopener\">voir la liste des laur\u00e9ats<\/a><\/strong>)<\/span><\/p>\n","protected":false},"excerpt":{"rendered":"<p>Bilan de l&rsquo;\u00e9dition 2024<\/p>\n","protected":false},"author":1,"featured_media":538,"parent":131,"menu_order":0,"comment_status":"closed","ping_status":"closed","template":"","meta":{"cybocfi_hide_featured_image":"yes","footnotes":""},"class_list":["post-127","page","type-page","status-publish","has-post-thumbnail","hentry"],"_links":{"self":[{"href":"https:\/\/lycee-mandela.fr\/mandelabo\/wp-json\/wp\/v2\/pages\/127","targetHints":{"allow":["GET"]}}],"collection":[{"href":"https:\/\/lycee-mandela.fr\/mandelabo\/wp-json\/wp\/v2\/pages"}],"about":[{"href":"https:\/\/lycee-mandela.fr\/mandelabo\/wp-json\/wp\/v2\/types\/page"}],"author":[{"embeddable":true,"href":"https:\/\/lycee-mandela.fr\/mandelabo\/wp-json\/wp\/v2\/users\/1"}],"replies":[{"embeddable":true,"href":"https:\/\/lycee-mandela.fr\/mandelabo\/wp-json\/wp\/v2\/comments?post=127"}],"version-history":[{"count":8,"href":"https:\/\/lycee-mandela.fr\/mandelabo\/wp-json\/wp\/v2\/pages\/127\/revisions"}],"predecessor-version":[{"id":543,"href":"https:\/\/lycee-mandela.fr\/mandelabo\/wp-json\/wp\/v2\/pages\/127\/revisions\/543"}],"up":[{"embeddable":true,"href":"https:\/\/lycee-mandela.fr\/mandelabo\/wp-json\/wp\/v2\/pages\/131"}],"wp:featuredmedia":[{"embeddable":true,"href":"https:\/\/lycee-mandela.fr\/mandelabo\/wp-json\/wp\/v2\/media\/538"}],"wp:attachment":[{"href":"https:\/\/lycee-mandela.fr\/mandelabo\/wp-json\/wp\/v2\/media?parent=127"}],"curies":[{"name":"wp","href":"https:\/\/api.w.org\/{rel}","templated":true}]}}