{"id":129,"date":"2016-10-17T13:56:05","date_gmt":"2016-10-17T13:56:05","guid":{"rendered":"http:\/\/www.demo.acmethemes.com\/education-base\/?page_id=49"},"modified":"2024-11-12T06:57:00","modified_gmt":"2024-11-12T05:57:00","slug":"semaine-maths-2024","status":"publish","type":"page","link":"https:\/\/lycee-mandela.fr\/mandelabo\/slider\/semaine-maths-2024\/","title":{"rendered":"SEMAINE DES MATHEMATIQUES 2024"},"content":{"rendered":"<p><span style=\"font-size: 14px; color: #ff0000;\"><strong><a href=\"https:\/\/lycee-mandela.fr\/mandelabo\/wp-content\/uploads\/2024\/11\/enigmes-semaine-des-mathematiques-lnm-2024.pdf\" target=\"_blank\" rel=\"noopener\"><span style=\"color: #ff0000;\"><span style=\"font-size: large;\"><span style=\"font-family: Arial;\">T\u00e9l\u00e9charger les \u00e9nigmes pour pouvoir les revoir<\/span><\/span><\/span><\/a><\/strong><\/span><\/p>\n<p>&nbsp;<\/p>\n<p><strong>ENIGME N\u00b01<\/strong><\/p>\n<p><a href=\"https:\/\/lycee-mandela.fr\/wp-content\/uploads\/2024\/03\/enigme20241-scaled.jpg\"><img loading=\"lazy\" decoding=\"async\" class=\"wp-image-22106 aligncenter\" src=\"https:\/\/lycee-mandela.fr\/wp-content\/uploads\/2024\/03\/enigme20241-scaled.jpg\" alt=\"\" width=\"944\" height=\"668\" \/><\/a><\/p>\n<p>&nbsp;<\/p>\n<p><strong>ENIGME N\u00b02<\/strong><\/p>\n<p><a href=\"https:\/\/lycee-mandela.fr\/wp-content\/uploads\/2024\/03\/enigme20242-1-scaled.jpg\"><img loading=\"lazy\" decoding=\"async\" class=\"wp-image-22113 aligncenter\" src=\"https:\/\/lycee-mandela.fr\/wp-content\/uploads\/2024\/03\/enigme20242-1-scaled.jpg\" alt=\"\" width=\"870\" height=\"616\" \/><\/a><\/p>\n<p><strong>ENIGME N\u00b03<\/strong><\/p>\n<p><a href=\"https:\/\/lycee-mandela.fr\/wp-content\/uploads\/2024\/03\/enigme20243.jpg\"><img loading=\"lazy\" decoding=\"async\" class=\"wp-image-22109 aligncenter\" src=\"https:\/\/lycee-mandela.fr\/wp-content\/uploads\/2024\/03\/enigme20243.jpg\" alt=\"\" width=\"927\" height=\"655\" \/><\/a><\/p>\n<p><strong>ENIGME N\u00b04<\/strong><\/p>\n<p><a href=\"https:\/\/lycee-mandela.fr\/wp-content\/uploads\/2024\/03\/enigme20244.jpg\"><img loading=\"lazy\" decoding=\"async\" class=\"wp-image-22110 aligncenter\" src=\"https:\/\/lycee-mandela.fr\/wp-content\/uploads\/2024\/03\/enigme20244.jpg\" alt=\"\" width=\"897\" height=\"634\" \/><\/a><\/p>\n<p><strong>ENIGME N\u00b05<\/strong><\/p>\n<p><a href=\"https:\/\/lycee-mandela.fr\/wp-content\/uploads\/2024\/03\/enigme20245.jpg\"><img loading=\"lazy\" decoding=\"async\" class=\"wp-image-22111 aligncenter\" src=\"https:\/\/lycee-mandela.fr\/wp-content\/uploads\/2024\/03\/enigme20245.jpg\" alt=\"\" width=\"902\" height=\"638\" \/><\/a><\/p>\n<p>&nbsp;<\/p>\n<p><strong>ENIGME N\u00b06<\/strong><\/p>\n<p><a href=\"https:\/\/lycee-mandela.fr\/wp-content\/uploads\/2024\/03\/enigme20246.jpg\"><img loading=\"lazy\" decoding=\"async\" class=\"wp-image-22112 aligncenter\" src=\"https:\/\/lycee-mandela.fr\/wp-content\/uploads\/2024\/03\/enigme20246.jpg\" alt=\"\" width=\"1028\" height=\"727\" \/><\/a><\/p>\n<p>&nbsp;<\/p>\n<p>&nbsp;<\/p>\n","protected":false},"excerpt":{"rendered":"<p>Des \u00e9nigmes \u00e0 r\u00e9soudre<\/p>\n","protected":false},"author":1,"featured_media":285,"parent":131,"menu_order":0,"comment_status":"closed","ping_status":"closed","template":"","meta":{"cybocfi_hide_featured_image":"yes","footnotes":""},"class_list":["post-129","page","type-page","status-publish","has-post-thumbnail","hentry"],"_links":{"self":[{"href":"https:\/\/lycee-mandela.fr\/mandelabo\/wp-json\/wp\/v2\/pages\/129","targetHints":{"allow":["GET"]}}],"collection":[{"href":"https:\/\/lycee-mandela.fr\/mandelabo\/wp-json\/wp\/v2\/pages"}],"about":[{"href":"https:\/\/lycee-mandela.fr\/mandelabo\/wp-json\/wp\/v2\/types\/page"}],"author":[{"embeddable":true,"href":"https:\/\/lycee-mandela.fr\/mandelabo\/wp-json\/wp\/v2\/users\/1"}],"replies":[{"embeddable":true,"href":"https:\/\/lycee-mandela.fr\/mandelabo\/wp-json\/wp\/v2\/comments?post=129"}],"version-history":[{"count":9,"href":"https:\/\/lycee-mandela.fr\/mandelabo\/wp-json\/wp\/v2\/pages\/129\/revisions"}],"predecessor-version":[{"id":546,"href":"https:\/\/lycee-mandela.fr\/mandelabo\/wp-json\/wp\/v2\/pages\/129\/revisions\/546"}],"up":[{"embeddable":true,"href":"https:\/\/lycee-mandela.fr\/mandelabo\/wp-json\/wp\/v2\/pages\/131"}],"wp:featuredmedia":[{"embeddable":true,"href":"https:\/\/lycee-mandela.fr\/mandelabo\/wp-json\/wp\/v2\/media\/285"}],"wp:attachment":[{"href":"https:\/\/lycee-mandela.fr\/mandelabo\/wp-json\/wp\/v2\/media?parent=129"}],"curies":[{"name":"wp","href":"https:\/\/api.w.org\/{rel}","templated":true}]}}