{"id":143,"date":"2016-10-17T13:42:46","date_gmt":"2016-10-17T13:42:46","guid":{"rendered":"http:\/\/www.demo.acmethemes.com\/education-base\/?page_id=35"},"modified":"2024-11-12T10:50:41","modified_gmt":"2024-11-12T09:50:41","slug":"skevin","status":"publish","type":"page","link":"https:\/\/lycee-mandela.fr\/mandelabo\/presentations\/skevin\/","title":{"rendered":"SAMBASSOUREDY Kevin"},"content":{"rendered":"<p>Je suis professeur de math\u00e9matiques au lyc\u00e9e Nelson Mandela en voie professionnelle. D\u00e9velopper les capacit\u00e9s de raisonnement et la curiosit\u00e9 de mes \u00e9l\u00e8ves me tient \u00e0 c\u0153ur. Ayant \u00e9galement de l&rsquo;app\u00e9tence pour la physique-chimie et la robotique, je participe<\/p>\n","protected":false},"excerpt":{"rendered":"<p>Je suis professeur de math\u00e9matiques au lyc\u00e9e Nelson Mandela en voie professionnelle. D\u00e9velopper les capacit\u00e9s de raisonnement et la curiosit\u00e9 de mes \u00e9l\u00e8ves me tient \u00e0 c\u0153ur. Ayant \u00e9galement de l&rsquo;app\u00e9tence pour la physique-chimie et la robotique, je participe<\/p>\n","protected":false},"author":1,"featured_media":491,"parent":149,"menu_order":0,"comment_status":"closed","ping_status":"closed","template":"","meta":{"cybocfi_hide_featured_image":"","footnotes":""},"class_list":["post-143","page","type-page","status-publish","has-post-thumbnail","hentry"],"_links":{"self":[{"href":"https:\/\/lycee-mandela.fr\/mandelabo\/wp-json\/wp\/v2\/pages\/143","targetHints":{"allow":["GET"]}}],"collection":[{"href":"https:\/\/lycee-mandela.fr\/mandelabo\/wp-json\/wp\/v2\/pages"}],"about":[{"href":"https:\/\/lycee-mandela.fr\/mandelabo\/wp-json\/wp\/v2\/types\/page"}],"author":[{"embeddable":true,"href":"https:\/\/lycee-mandela.fr\/mandelabo\/wp-json\/wp\/v2\/users\/1"}],"replies":[{"embeddable":true,"href":"https:\/\/lycee-mandela.fr\/mandelabo\/wp-json\/wp\/v2\/comments?post=143"}],"version-history":[{"count":3,"href":"https:\/\/lycee-mandela.fr\/mandelabo\/wp-json\/wp\/v2\/pages\/143\/revisions"}],"predecessor-version":[{"id":581,"href":"https:\/\/lycee-mandela.fr\/mandelabo\/wp-json\/wp\/v2\/pages\/143\/revisions\/581"}],"up":[{"embeddable":true,"href":"https:\/\/lycee-mandela.fr\/mandelabo\/wp-json\/wp\/v2\/pages\/149"}],"wp:featuredmedia":[{"embeddable":true,"href":"https:\/\/lycee-mandela.fr\/mandelabo\/wp-json\/wp\/v2\/media\/491"}],"wp:attachment":[{"href":"https:\/\/lycee-mandela.fr\/mandelabo\/wp-json\/wp\/v2\/media?parent=143"}],"curies":[{"name":"wp","href":"https:\/\/api.w.org\/{rel}","templated":true}]}}