{"id":145,"date":"2016-10-17T13:41:16","date_gmt":"2016-10-17T13:41:16","guid":{"rendered":"http:\/\/www.demo.acmethemes.com\/education-base\/?page_id=33"},"modified":"2024-11-12T10:51:21","modified_gmt":"2024-11-12T09:51:21","slug":"mdavid","status":"publish","type":"page","link":"https:\/\/lycee-mandela.fr\/mandelabo\/presentations\/mdavid\/","title":{"rendered":"Maillot David"},"content":{"rendered":"<p>Je suis professeur de math\u00e9matiques au lyc\u00e9e Nelson Mandela pour les classes de BTS CG et SIO et suis passionn\u00e9 par divers domaines (finance, \u00e9conomie, informatique, physique, robotique&#8230;). R\u00e9pondre \u00e0 la question \u00ab\u00a0\u00e0 quoi servent les maths\u00a0\u00bb est un r\u00e9el d\u00e9fi pour les apprenants. M\u00ealer la th\u00e9orie et la pratique prend alors tout son sens.<\/p>\n","protected":false},"excerpt":{"rendered":"<p>Je suis professeur de math\u00e9matiques au lyc\u00e9e Nelson Mandela pour les classes de BTS CG et SIO et suis passionn\u00e9 par divers domaines (finance, \u00e9conomie, informatique, physique, robotique&#8230;). R\u00e9pondre \u00e0 la question \u00ab\u00a0\u00e0 quoi servent les maths\u00a0\u00bb est un r\u00e9el d\u00e9fi pour les apprenants. M\u00ealer la th\u00e9orie et la pratique prend alors tout son sens.<\/p>\n","protected":false},"author":1,"featured_media":482,"parent":149,"menu_order":0,"comment_status":"closed","ping_status":"closed","template":"","meta":{"cybocfi_hide_featured_image":"","footnotes":""},"class_list":["post-145","page","type-page","status-publish","has-post-thumbnail","hentry"],"_links":{"self":[{"href":"https:\/\/lycee-mandela.fr\/mandelabo\/wp-json\/wp\/v2\/pages\/145","targetHints":{"allow":["GET"]}}],"collection":[{"href":"https:\/\/lycee-mandela.fr\/mandelabo\/wp-json\/wp\/v2\/pages"}],"about":[{"href":"https:\/\/lycee-mandela.fr\/mandelabo\/wp-json\/wp\/v2\/types\/page"}],"author":[{"embeddable":true,"href":"https:\/\/lycee-mandela.fr\/mandelabo\/wp-json\/wp\/v2\/users\/1"}],"replies":[{"embeddable":true,"href":"https:\/\/lycee-mandela.fr\/mandelabo\/wp-json\/wp\/v2\/comments?post=145"}],"version-history":[{"count":4,"href":"https:\/\/lycee-mandela.fr\/mandelabo\/wp-json\/wp\/v2\/pages\/145\/revisions"}],"predecessor-version":[{"id":586,"href":"https:\/\/lycee-mandela.fr\/mandelabo\/wp-json\/wp\/v2\/pages\/145\/revisions\/586"}],"up":[{"embeddable":true,"href":"https:\/\/lycee-mandela.fr\/mandelabo\/wp-json\/wp\/v2\/pages\/149"}],"wp:featuredmedia":[{"embeddable":true,"href":"https:\/\/lycee-mandela.fr\/mandelabo\/wp-json\/wp\/v2\/media\/482"}],"wp:attachment":[{"href":"https:\/\/lycee-mandela.fr\/mandelabo\/wp-json\/wp\/v2\/media?parent=145"}],"curies":[{"name":"wp","href":"https:\/\/api.w.org\/{rel}","templated":true}]}}