{"id":147,"date":"2016-10-17T13:39:31","date_gmt":"2016-10-17T13:39:31","guid":{"rendered":"http:\/\/www.demo.acmethemes.com\/education-base\/?page_id=31"},"modified":"2024-11-12T10:51:06","modified_gmt":"2024-11-12T09:51:06","slug":"lelodie","status":"publish","type":"page","link":"https:\/\/lycee-mandela.fr\/mandelabo\/presentations\/lelodie\/","title":{"rendered":"LEONG Elodie"},"content":{"rendered":"<p>Je suis professeure de math\u00e9matiques pour les classes de premi\u00e8re STMG, terminale STMG et BTS Comptabilit\u00e9 Gestion au lyc\u00e9e Nelson Mandela. Coordinatrice du laboratoire de math\u00e9matiques du lyc\u00e9e, je souhaite renforcer l&rsquo;attractivit\u00e9 des math\u00e9matiques et d\u00e9velopper des strat\u00e9gies favorisant la progression et la r\u00e9ussite de mes \u00e9l\u00e8ves et \u00e9tudiants.<\/p>\n","protected":false},"excerpt":{"rendered":"<p>Je suis professeure de math\u00e9matiques pour les classes de premi\u00e8re STMG, terminale STMG et BTS Comptabilit\u00e9 Gestion au lyc\u00e9e Nelson Mandela. Coordinatrice du laboratoire de math\u00e9matiques du lyc\u00e9e, je souhaite renforcer l&rsquo;attractivit\u00e9 des math\u00e9matiques et d\u00e9velopper des strat\u00e9gies favorisant la progression et la r\u00e9ussite de mes \u00e9l\u00e8ves et \u00e9tudiants.<\/p>\n","protected":false},"author":1,"featured_media":479,"parent":149,"menu_order":0,"comment_status":"closed","ping_status":"closed","template":"","meta":{"cybocfi_hide_featured_image":"","footnotes":""},"class_list":["post-147","page","type-page","status-publish","has-post-thumbnail","hentry"],"_links":{"self":[{"href":"https:\/\/lycee-mandela.fr\/mandelabo\/wp-json\/wp\/v2\/pages\/147","targetHints":{"allow":["GET"]}}],"collection":[{"href":"https:\/\/lycee-mandela.fr\/mandelabo\/wp-json\/wp\/v2\/pages"}],"about":[{"href":"https:\/\/lycee-mandela.fr\/mandelabo\/wp-json\/wp\/v2\/types\/page"}],"author":[{"embeddable":true,"href":"https:\/\/lycee-mandela.fr\/mandelabo\/wp-json\/wp\/v2\/users\/1"}],"replies":[{"embeddable":true,"href":"https:\/\/lycee-mandela.fr\/mandelabo\/wp-json\/wp\/v2\/comments?post=147"}],"version-history":[{"count":2,"href":"https:\/\/lycee-mandela.fr\/mandelabo\/wp-json\/wp\/v2\/pages\/147\/revisions"}],"predecessor-version":[{"id":578,"href":"https:\/\/lycee-mandela.fr\/mandelabo\/wp-json\/wp\/v2\/pages\/147\/revisions\/578"}],"up":[{"embeddable":true,"href":"https:\/\/lycee-mandela.fr\/mandelabo\/wp-json\/wp\/v2\/pages\/149"}],"wp:featuredmedia":[{"embeddable":true,"href":"https:\/\/lycee-mandela.fr\/mandelabo\/wp-json\/wp\/v2\/media\/479"}],"wp:attachment":[{"href":"https:\/\/lycee-mandela.fr\/mandelabo\/wp-json\/wp\/v2\/media?parent=147"}],"curies":[{"name":"wp","href":"https:\/\/api.w.org\/{rel}","templated":true}]}}