{"id":574,"date":"2024-11-12T10:33:58","date_gmt":"2024-11-12T09:33:58","guid":{"rendered":"https:\/\/lycee-mandela.fr\/mandelabo\/?page_id=574"},"modified":"2024-11-12T10:51:36","modified_gmt":"2024-11-12T09:51:36","slug":"dlouis","status":"publish","type":"page","link":"https:\/\/lycee-mandela.fr\/mandelabo\/presentations\/dlouis\/","title":{"rendered":"DIJOUX Louis"},"content":{"rendered":"<p>Je suis professeur de math\u00e9matiques au lyc\u00e9e Nelson Mandela en voie professionnelle et j&rsquo;entra\u00eene chaque ann\u00e9e mes \u00e9l\u00e8ves au concours KASKOKO afin qu&rsquo;ils consolident leurs fondamentaux en math\u00e9matiques. Je tiens \u00e0 valoriser les r\u00e9ussites de mes \u00e9l\u00e8ves et \u00e0 les motiver dans l\u2019apprentissage des calculs automatis\u00e9s.<\/p>\n","protected":false},"excerpt":{"rendered":"<p>Professeur de math\u00e9matiques en voie professionnelle<\/p>\n","protected":false},"author":3,"featured_media":488,"parent":149,"menu_order":0,"comment_status":"closed","ping_status":"closed","template":"","meta":{"cybocfi_hide_featured_image":"","footnotes":""},"class_list":["post-574","page","type-page","status-publish","has-post-thumbnail","hentry"],"_links":{"self":[{"href":"https:\/\/lycee-mandela.fr\/mandelabo\/wp-json\/wp\/v2\/pages\/574","targetHints":{"allow":["GET"]}}],"collection":[{"href":"https:\/\/lycee-mandela.fr\/mandelabo\/wp-json\/wp\/v2\/pages"}],"about":[{"href":"https:\/\/lycee-mandela.fr\/mandelabo\/wp-json\/wp\/v2\/types\/page"}],"author":[{"embeddable":true,"href":"https:\/\/lycee-mandela.fr\/mandelabo\/wp-json\/wp\/v2\/users\/3"}],"replies":[{"embeddable":true,"href":"https:\/\/lycee-mandela.fr\/mandelabo\/wp-json\/wp\/v2\/comments?post=574"}],"version-history":[{"count":3,"href":"https:\/\/lycee-mandela.fr\/mandelabo\/wp-json\/wp\/v2\/pages\/574\/revisions"}],"predecessor-version":[{"id":577,"href":"https:\/\/lycee-mandela.fr\/mandelabo\/wp-json\/wp\/v2\/pages\/574\/revisions\/577"}],"up":[{"embeddable":true,"href":"https:\/\/lycee-mandela.fr\/mandelabo\/wp-json\/wp\/v2\/pages\/149"}],"wp:featuredmedia":[{"embeddable":true,"href":"https:\/\/lycee-mandela.fr\/mandelabo\/wp-json\/wp\/v2\/media\/488"}],"wp:attachment":[{"href":"https:\/\/lycee-mandela.fr\/mandelabo\/wp-json\/wp\/v2\/media?parent=574"}],"curies":[{"name":"wp","href":"https:\/\/api.w.org\/{rel}","templated":true}]}}